{"id":2186,"date":"2025-04-05T16:27:50","date_gmt":"2025-04-05T16:27:50","guid":{"rendered":"https:\/\/revistaquiote.org\/?page_id=2186"},"modified":"2025-04-05T18:14:00","modified_gmt":"2025-04-05T18:14:00","slug":"linea-editorial","status":"publish","type":"page","link":"https:\/\/revistaquiote.org\/?page_id=2186","title":{"rendered":"L\u00cdNEA EDITORIAL"},"content":{"rendered":"<p>[et_pb_section fb_built=\u00bb1&#8243; _builder_version=\u00bb4.25.2&#8243; _module_preset=\u00bbdefault\u00bb background_color=\u00bb#f9f9f9&#8243; global_colors_info=\u00bb{}\u00bb][et_pb_row column_structure=\u00bb2_5,3_5&#8243; _builder_version=\u00bb4.25.2&#8243; _module_preset=\u00bbdefault\u00bb global_colors_info=\u00bb{}\u00bb][et_pb_column type=\u00bb2_5&#8243; _builder_version=\u00bb4.25.2&#8243; _module_preset=\u00bbdefault\u00bb global_colors_info=\u00bb{}\u00bb][et_pb_image src=\u00bbhttps:\/\/revistaquiote.org\/wp-content\/uploads\/2023\/06\/Quiote-logo_01.png\u00bb title_text=\u00bbQuiote-logo_01&#8243; url=\u00bbhttps:\/\/revistaquiote.org\/\u00bb _builder_version=\u00bb4.27.0&#8243; _module_preset=\u00bbdefault\u00bb global_colors_info=\u00bb{}\u00bb][\/et_pb_image][\/et_pb_column][et_pb_column type=\u00bb3_5&#8243; _builder_version=\u00bb4.25.2&#8243; _module_preset=\u00bbdefault\u00bb global_colors_info=\u00bb{}\u00bb][et_pb_text _builder_version=\u00bb4.27.4&#8243; _module_preset=\u00bbdefault\u00bb text_font=\u00bb|800|||||||\u00bb text_text_color=\u00bb#000000&#8243; text_font_size=\u00bb17px\u00bb text_orientation=\u00bbright\u00bb custom_padding=\u00bb100px|||||\u00bb global_colors_info=\u00bb{}\u00bb]<\/p>\n<p>L\u00cdNEA EDITORIAL<\/p>\n<p>[\/et_pb_text][\/et_pb_column][\/et_pb_row][et_pb_row _builder_version=\u00bb4.25.2&#8243; _module_preset=\u00bbdefault\u00bb global_colors_info=\u00bb{}\u00bb][et_pb_column type=\u00bb4_4&#8243; _builder_version=\u00bb4.25.2&#8243; _module_preset=\u00bbdefault\u00bb global_colors_info=\u00bb{}\u00bb][et_pb_text _builder_version=\u00bb4.27.4&#8243; _module_preset=\u00bbdefault\u00bb custom_padding=\u00bb0px|||||\u00bb hover_enabled=\u00bb0&#8243; global_colors_info=\u00bb{}\u00bb sticky_enabled=\u00bb0&#8243;]<\/p>\n<p><strong><i>Quiote <\/i>es un esfuerzo editorial desde la izquierda que prefiere la palabra \u00abpueblo\u00bb, en sus distintas acepciones, al t\u00e9rmino \u00absociedad civil\u00bb<\/strong><span style=\"font-weight: 400;\"><strong>.<\/strong> Optamos por <\/span><span style=\"font-weight: 400;\">\u00ab<\/span><span style=\"font-weight: 400;\">soberan\u00eda popular<\/span><span style=\"font-weight: 400;\">\u00bb<\/span><span style=\"font-weight: 400;\"> en lugar de <\/span><span style=\"font-weight: 400;\">\u00ab<\/span><span style=\"font-weight: 400;\">soberan\u00eda<\/span><span style=\"font-weight: 400;\">\u00bb<\/span><span style=\"font-weight: 400;\"> a secas; por <\/span><span style=\"font-weight: 400;\">\u00ab<\/span><span style=\"font-weight: 400;\">resistencia<\/span><span style=\"font-weight: 400;\">\u00bb<\/span><span style=\"font-weight: 400;\"> en vez de <\/span><span style=\"font-weight: 400;\">\u00ab<\/span><span style=\"font-weight: 400;\">resiliencia<\/span><span style=\"font-weight: 400;\">\u00bb<\/span><span style=\"font-weight: 400;\"> y por otras expresiones que no pretendan encubrir los conflictos de clase. <\/span><span style=\"font-weight: 400;\">\u00ab<\/span><span style=\"font-weight: 400;\">Primero los pobres<\/span><span style=\"font-weight: 400;\">\u00bb<\/span><span style=\"font-weight: 400;\"> es un principio con el que nos identificamos y del que pensamos que pueden desprenderse reflexiones abundantes y desafiantes, pues comprenden los problemas en sociedades diferenciadas por conflictos culturales, pol\u00edticos y econ\u00f3micos.\u00a0<\/span><\/p>\n<blockquote>\n<p><span style=\"font-weight: 400;\">Buscamos colaborar para que las voces y expresiones del pueblo se conozcan, reconozcan, organicen y debatan entre s\u00ed. Pretendemos valorar y compartir la efervescencia social de nuestros tiempos, sin ignorar que los retos son m\u00faltiples y complejos; pero convencidos de que se construye una autoconciencia popular. Construimos un espacio de an\u00e1lisis de las manifestaciones culturales, pol\u00edticas y sociales de nuestro contexto. Tenemos como objetivo dar a conocer a un panorama heterog\u00e9neo y cr\u00edtico que incluya al campo, las calles y las redes sociales, invitando a nuestras lectoras y lectores a que sean part\u00edcipes, no s\u00f3lo espectadores, de la cultura que nos rodea. <strong>Estar informadas e informados es un acto revolucionario.<\/strong><\/span><\/p>\n<\/blockquote>\n<p>[\/et_pb_text][\/et_pb_column][\/et_pb_row][\/et_pb_section]<\/p>\n","protected":false},"excerpt":{"rendered":"<p>L\u00cdNEA EDITORIALQuiote es un esfuerzo editorial desde la izquierda que prefiere la palabra \u00abpueblo\u00bb, en sus distintas acepciones, al t\u00e9rmino \u00absociedad civil\u00bb. Optamos por \u00absoberan\u00eda popular\u00bb en lugar de \u00absoberan\u00eda\u00bb a secas; por \u00abresistencia\u00bb en vez de \u00abresiliencia\u00bb y por otras expresiones que no pretendan encubrir los conflictos de clase. \u00abPrimero los pobres\u00bb es un [&hellip;]<\/p>\n","protected":false},"author":1,"featured_media":0,"parent":0,"menu_order":0,"comment_status":"closed","ping_status":"closed","template":"","meta":{"_et_pb_use_builder":"on","_et_pb_old_content":"","_et_gb_content_width":"","footnotes":""},"class_list":["post-2186","page","type-page","status-publish","hentry"],"yoast_head":"<!-- This site is optimized with the Yoast SEO plugin v27.3 - https:\/\/yoast.com\/product\/yoast-seo-wordpress\/ -->\n<title>L\u00cdNEA EDITORIAL - REVISTA QUIOTE<\/title>\n<meta name=\"robots\" content=\"index, follow, max-snippet:-1, max-image-preview:large, max-video-preview:-1\" \/>\n<link rel=\"canonical\" href=\"https:\/\/revistaquiote.org\/?page_id=2186\" \/>\n<meta property=\"og:locale\" content=\"es_ES\" \/>\n<meta property=\"og:type\" content=\"article\" \/>\n<meta property=\"og:title\" content=\"L\u00cdNEA EDITORIAL - REVISTA QUIOTE\" \/>\n<meta property=\"og:description\" content=\"L\u00cdNEA EDITORIALQuiote es un esfuerzo editorial desde la izquierda que prefiere la palabra \u00abpueblo\u00bb, en sus distintas acepciones, al t\u00e9rmino \u00absociedad civil\u00bb. Optamos por \u00absoberan\u00eda popular\u00bb en lugar de \u00absoberan\u00eda\u00bb a secas; por \u00abresistencia\u00bb en vez de \u00abresiliencia\u00bb y por otras expresiones que no pretendan encubrir los conflictos de clase. \u00abPrimero los pobres\u00bb es un [&hellip;]\" \/>\n<meta property=\"og:url\" content=\"https:\/\/revistaquiote.org\/?page_id=2186\" \/>\n<meta property=\"og:site_name\" content=\"REVISTA QUIOTE\" \/>\n<meta property=\"article:publisher\" content=\"https:\/\/www.facebook.com\/profile.php?id=61581285934903&amp;rdid=NyTBdLDXXt5DTPla&amp;share_url=httpswww.facebook.comshare16XQGGa34v#\" \/>\n<meta property=\"article:modified_time\" content=\"2025-04-05T18:14:00+00:00\" \/>\n<meta name=\"twitter:card\" content=\"summary_large_image\" \/>\n<meta name=\"twitter:site\" content=\"@RQuiote\" \/>\n<meta name=\"twitter:label1\" content=\"Tiempo de lectura\" \/>\n\t<meta name=\"twitter:data1\" content=\"2 minutos\" \/>\n<script type=\"application\/ld+json\" class=\"yoast-schema-graph\">{\"@context\":\"https:\\\/\\\/schema.org\",\"@graph\":[{\"@type\":\"WebPage\",\"@id\":\"https:\\\/\\\/revistaquiote.org\\\/?page_id=2186\",\"url\":\"https:\\\/\\\/revistaquiote.org\\\/?page_id=2186\",\"name\":\"L\u00cdNEA EDITORIAL - REVISTA QUIOTE\",\"isPartOf\":{\"@id\":\"https:\\\/\\\/revistaquiote.org\\\/#website\"},\"datePublished\":\"2025-04-05T16:27:50+00:00\",\"dateModified\":\"2025-04-05T18:14:00+00:00\",\"breadcrumb\":{\"@id\":\"https:\\\/\\\/revistaquiote.org\\\/?page_id=2186#breadcrumb\"},\"inLanguage\":\"es\",\"potentialAction\":[{\"@type\":\"ReadAction\",\"target\":[\"https:\\\/\\\/revistaquiote.org\\\/?page_id=2186\"]}]},{\"@type\":\"BreadcrumbList\",\"@id\":\"https:\\\/\\\/revistaquiote.org\\\/?page_id=2186#breadcrumb\",\"itemListElement\":[{\"@type\":\"ListItem\",\"position\":1,\"name\":\"Portada\",\"item\":\"https:\\\/\\\/revistaquiote.org\\\/\"},{\"@type\":\"ListItem\",\"position\":2,\"name\":\"L\u00cdNEA EDITORIAL\"}]},{\"@type\":\"WebSite\",\"@id\":\"https:\\\/\\\/revistaquiote.org\\\/#website\",\"url\":\"https:\\\/\\\/revistaquiote.org\\\/\",\"name\":\"REVISTA QUIOTE\",\"description\":\"N\u00daMERO SEIS\",\"publisher\":{\"@id\":\"https:\\\/\\\/revistaquiote.org\\\/#organization\"},\"potentialAction\":[{\"@type\":\"SearchAction\",\"target\":{\"@type\":\"EntryPoint\",\"urlTemplate\":\"https:\\\/\\\/revistaquiote.org\\\/?s={search_term_string}\"},\"query-input\":{\"@type\":\"PropertyValueSpecification\",\"valueRequired\":true,\"valueName\":\"search_term_string\"}}],\"inLanguage\":\"es\"},{\"@type\":\"Organization\",\"@id\":\"https:\\\/\\\/revistaquiote.org\\\/#organization\",\"name\":\"REVISTA QUIOTE\",\"url\":\"https:\\\/\\\/revistaquiote.org\\\/\",\"logo\":{\"@type\":\"ImageObject\",\"inLanguage\":\"es\",\"@id\":\"https:\\\/\\\/revistaquiote.org\\\/#\\\/schema\\\/logo\\\/image\\\/\",\"url\":\"https:\\\/\\\/revistaquiote.org\\\/wp-content\\\/uploads\\\/2023\\\/06\\\/Quiote-logo_01.png\",\"contentUrl\":\"https:\\\/\\\/revistaquiote.org\\\/wp-content\\\/uploads\\\/2023\\\/06\\\/Quiote-logo_01.png\",\"width\":1042,\"height\":417,\"caption\":\"REVISTA QUIOTE\"},\"image\":{\"@id\":\"https:\\\/\\\/revistaquiote.org\\\/#\\\/schema\\\/logo\\\/image\\\/\"},\"sameAs\":[\"https:\\\/\\\/www.facebook.com\\\/profile.php?id=61581285934903&rdid=NyTBdLDXXt5DTPla&share_url=httpswww.facebook.comshare16XQGGa34v#\",\"https:\\\/\\\/x.com\\\/RQuiote\",\"https:\\\/\\\/www.instagram.com\\\/revista.quiote\\\/\"]}]}<\/script>\n<!-- \/ Yoast SEO plugin. -->","yoast_head_json":{"title":"L\u00cdNEA EDITORIAL - REVISTA QUIOTE","robots":{"index":"index","follow":"follow","max-snippet":"max-snippet:-1","max-image-preview":"max-image-preview:large","max-video-preview":"max-video-preview:-1"},"canonical":"https:\/\/revistaquiote.org\/?page_id=2186","og_locale":"es_ES","og_type":"article","og_title":"L\u00cdNEA EDITORIAL - REVISTA QUIOTE","og_description":"L\u00cdNEA EDITORIALQuiote es un esfuerzo editorial desde la izquierda que prefiere la palabra \u00abpueblo\u00bb, en sus distintas acepciones, al t\u00e9rmino \u00absociedad civil\u00bb. Optamos por \u00absoberan\u00eda popular\u00bb en lugar de \u00absoberan\u00eda\u00bb a secas; por \u00abresistencia\u00bb en vez de \u00abresiliencia\u00bb y por otras expresiones que no pretendan encubrir los conflictos de clase. \u00abPrimero los pobres\u00bb es un [&hellip;]","og_url":"https:\/\/revistaquiote.org\/?page_id=2186","og_site_name":"REVISTA QUIOTE","article_publisher":"https:\/\/www.facebook.com\/profile.php?id=61581285934903&rdid=NyTBdLDXXt5DTPla&share_url=httpswww.facebook.comshare16XQGGa34v#","article_modified_time":"2025-04-05T18:14:00+00:00","twitter_card":"summary_large_image","twitter_site":"@RQuiote","twitter_misc":{"Tiempo de lectura":"2 minutos"},"schema":{"@context":"https:\/\/schema.org","@graph":[{"@type":"WebPage","@id":"https:\/\/revistaquiote.org\/?page_id=2186","url":"https:\/\/revistaquiote.org\/?page_id=2186","name":"L\u00cdNEA EDITORIAL - REVISTA QUIOTE","isPartOf":{"@id":"https:\/\/revistaquiote.org\/#website"},"datePublished":"2025-04-05T16:27:50+00:00","dateModified":"2025-04-05T18:14:00+00:00","breadcrumb":{"@id":"https:\/\/revistaquiote.org\/?page_id=2186#breadcrumb"},"inLanguage":"es","potentialAction":[{"@type":"ReadAction","target":["https:\/\/revistaquiote.org\/?page_id=2186"]}]},{"@type":"BreadcrumbList","@id":"https:\/\/revistaquiote.org\/?page_id=2186#breadcrumb","itemListElement":[{"@type":"ListItem","position":1,"name":"Portada","item":"https:\/\/revistaquiote.org\/"},{"@type":"ListItem","position":2,"name":"L\u00cdNEA EDITORIAL"}]},{"@type":"WebSite","@id":"https:\/\/revistaquiote.org\/#website","url":"https:\/\/revistaquiote.org\/","name":"REVISTA QUIOTE","description":"N\u00daMERO SEIS","publisher":{"@id":"https:\/\/revistaquiote.org\/#organization"},"potentialAction":[{"@type":"SearchAction","target":{"@type":"EntryPoint","urlTemplate":"https:\/\/revistaquiote.org\/?s={search_term_string}"},"query-input":{"@type":"PropertyValueSpecification","valueRequired":true,"valueName":"search_term_string"}}],"inLanguage":"es"},{"@type":"Organization","@id":"https:\/\/revistaquiote.org\/#organization","name":"REVISTA QUIOTE","url":"https:\/\/revistaquiote.org\/","logo":{"@type":"ImageObject","inLanguage":"es","@id":"https:\/\/revistaquiote.org\/#\/schema\/logo\/image\/","url":"https:\/\/revistaquiote.org\/wp-content\/uploads\/2023\/06\/Quiote-logo_01.png","contentUrl":"https:\/\/revistaquiote.org\/wp-content\/uploads\/2023\/06\/Quiote-logo_01.png","width":1042,"height":417,"caption":"REVISTA QUIOTE"},"image":{"@id":"https:\/\/revistaquiote.org\/#\/schema\/logo\/image\/"},"sameAs":["https:\/\/www.facebook.com\/profile.php?id=61581285934903&rdid=NyTBdLDXXt5DTPla&share_url=httpswww.facebook.comshare16XQGGa34v#","https:\/\/x.com\/RQuiote","https:\/\/www.instagram.com\/revista.quiote\/"]}]}},"jetpack_sharing_enabled":true,"_links":{"self":[{"href":"https:\/\/revistaquiote.org\/index.php?rest_route=\/wp\/v2\/pages\/2186","targetHints":{"allow":["GET"]}}],"collection":[{"href":"https:\/\/revistaquiote.org\/index.php?rest_route=\/wp\/v2\/pages"}],"about":[{"href":"https:\/\/revistaquiote.org\/index.php?rest_route=\/wp\/v2\/types\/page"}],"author":[{"embeddable":true,"href":"https:\/\/revistaquiote.org\/index.php?rest_route=\/wp\/v2\/users\/1"}],"replies":[{"embeddable":true,"href":"https:\/\/revistaquiote.org\/index.php?rest_route=%2Fwp%2Fv2%2Fcomments&post=2186"}],"version-history":[{"count":3,"href":"https:\/\/revistaquiote.org\/index.php?rest_route=\/wp\/v2\/pages\/2186\/revisions"}],"predecessor-version":[{"id":2194,"href":"https:\/\/revistaquiote.org\/index.php?rest_route=\/wp\/v2\/pages\/2186\/revisions\/2194"}],"wp:attachment":[{"href":"https:\/\/revistaquiote.org\/index.php?rest_route=%2Fwp%2Fv2%2Fmedia&parent=2186"}],"curies":[{"name":"wp","href":"https:\/\/api.w.org\/{rel}","templated":true}]}}