{"id":2716,"date":"2025-05-15T18:13:47","date_gmt":"2025-05-15T18:13:47","guid":{"rendered":"https:\/\/revistaquiote.org\/?page_id=2716"},"modified":"2025-05-15T19:41:30","modified_gmt":"2025-05-15T19:41:30","slug":"quiote-numero-3","status":"publish","type":"page","link":"https:\/\/revistaquiote.org\/?page_id=2716","title":{"rendered":"QUIOTE N\u00daMERO 3"},"content":{"rendered":"<p>[et_pb_section fb_built=\u00bb1&#8243; _builder_version=\u00bb4.25.2&#8243; _module_preset=\u00bbdefault\u00bb background_color=\u00bb#f9f9f9&#8243; custom_padding=\u00bb||1px|||\u00bb global_colors_info=\u00bb{}\u00bb][et_pb_row column_structure=\u00bb1_2,1_2&#8243; _builder_version=\u00bb4.27.0&#8243; _module_preset=\u00bbdefault\u00bb global_colors_info=\u00bb{}\u00bb][et_pb_column type=\u00bb1_2&#8243; _builder_version=\u00bb4.25.2&#8243; _module_preset=\u00bbdefault\u00bb global_colors_info=\u00bb{}\u00bb][et_pb_blurb title=\u00bbN\u00daMERO TRES\u00bb url=\u00bbhttps:\/\/revistaquiote.org\/?page_id=1417&#8243; image=\u00bbhttps:\/\/revistaquiote.org\/wp-content\/uploads\/2024\/12\/quiote_n04.png\u00bb _builder_version=\u00bb4.27.4&#8243; _module_preset=\u00bbdefault\u00bb header_font=\u00bb|600|||||||\u00bb body_text_color=\u00bb#242424&#8243; body_font_size=\u00bb13px\u00bb global_colors_info=\u00bb{}\u00bb]<\/p>\n<p>Diciembre, 2024\u00a0 |\u00a0 <a href=\"https:\/\/revistaquiote.org\/?page_id=1877\"><strong>lee n\u00famero 3<\/strong> <\/a>|\u00a0 <strong><a href=\"https:\/\/revistaquiote.org\/wp-content\/uploads\/2024\/12\/QUIOTE-TRES-3.pdf\" target=\"_blank\" rel=\"noopener\">descarga n\u00famero 3<\/a><\/strong><\/p>\n<p>[\/et_pb_blurb][\/et_pb_column][et_pb_column type=\u00bb1_2&#8243; _builder_version=\u00bb4.25.2&#8243; _module_preset=\u00bbdefault\u00bb global_colors_info=\u00bb{}\u00bb][et_pb_text _builder_version=\u00bb4.27.4&#8243; _module_preset=\u00bbdefault\u00bb text_font=\u00bb|800|||||||\u00bb text_text_color=\u00bb#000000&#8243; text_font_size=\u00bb17px\u00bb text_orientation=\u00bbright\u00bb custom_padding=\u00bb30px|||||\u00bb global_colors_info=\u00bb{}\u00bb]<\/p>\n<p style=\"text-align: left;\">N\u00daMERO 3<\/p>\n<p>[\/et_pb_text][et_pb_text _builder_version=\u00bb4.27.4&#8243; _module_preset=\u00bbdefault\u00bb text_font_size=\u00bb11px\u00bb text_line_height=\u00bb1.6em\u00bb animation_style=\u00bbbounce\u00bb animation_direction=\u00bbright\u00bb global_colors_info=\u00bb{}\u00bb]<\/p>\n<p><strong>Siempre nos podemos sorprender de nuestro entorno<\/strong><br \/>C\u00e9sar Guevara Bravo<\/p>\n<p><strong>Huizacht\u00e9petl, mi cerro en Iztapalapa<\/strong><br \/>Beatriz Ram\u00edrez Gonz\u00e1lez<\/p>\n<p><strong>Ixtlapalapan. El pueblo puede salvar al pueblo<\/strong><br \/>Santiago Robles<\/p>\n<p><strong>El localismo y sus limitaciones<\/strong><br \/>H\u00e9ctor Rafael Rodr\u00edguez de la Vega Cu\u00e9llar<\/p>\n<p><strong>CALAVERAS &amp; DIABLITOS | Poes\u00eda en subdesarrollo [o Al este del para\u00edso]<\/strong><br \/>Miguel Torres<\/p>\n<p><strong>Ram\u00f3n Dur\u00e1n y el espejo de la placa de grabado<\/strong><br \/>Fernando G\u00e1lvez de Aguinaga<\/p>\n<p><strong>Sobre <em>El \u00faltimo astronauta<\/em>, de Agust\u00edn Gonz\u00e1lez<\/strong><br \/>Christian Barrag\u00e1n<\/p>\n<p><strong>Una memoria global de preocupaciones culturales sobre papel amate<\/strong><br \/>Fernando Llanos<\/p>\n<p><strong>#SHOW BLITZKRIEG | Arte y fetiches objetivados en el mercadeo pol\u00edtico<\/strong><br \/>C\u00e9sar Cort\u00e9s Vega<\/p>\n<p>[\/et_pb_text][\/et_pb_column][\/et_pb_row][et_pb_row _builder_version=\u00bb4.27.4&#8243; _module_preset=\u00bbdefault\u00bb global_colors_info=\u00bb{}\u00bb][et_pb_column type=\u00bb4_4&#8243; _builder_version=\u00bb4.27.4&#8243; _module_preset=\u00bbdefault\u00bb global_colors_info=\u00bb{}\u00bb][et_pb_blog fullwidth=\u00bboff\u00bb include_categories=\u00bb185&#8243; show_date=\u00bboff\u00bb show_categories=\u00bboff\u00bb show_pagination=\u00bboff\u00bb _builder_version=\u00bb4.27.4&#8243; _module_preset=\u00bbdefault\u00bb header_level=\u00bbh5&#8243; body_font_size=\u00bb11px\u00bb body_line_height=\u00bb1.6em\u00bb meta_font_size=\u00bb12px\u00bb global_colors_info=\u00bb{}\u00bb][\/et_pb_blog][\/et_pb_column][\/et_pb_row][\/et_pb_section]<\/p>\n","protected":false},"excerpt":{"rendered":"<p>Diciembre, 2024\u00a0 |\u00a0 lee n\u00famero 3 |\u00a0 descarga n\u00famero 3N\u00daMERO 3Siempre nos podemos sorprender de nuestro entornoC\u00e9sar Guevara Bravo Huizacht\u00e9petl, mi cerro en IztapalapaBeatriz Ram\u00edrez Gonz\u00e1lez Ixtlapalapan. El pueblo puede salvar al puebloSantiago Robles El localismo y sus limitacionesH\u00e9ctor Rafael Rodr\u00edguez de la Vega Cu\u00e9llar CALAVERAS &amp; DIABLITOS | Poes\u00eda en subdesarrollo [o Al este [&hellip;]<\/p>\n","protected":false},"author":1,"featured_media":0,"parent":0,"menu_order":0,"comment_status":"closed","ping_status":"closed","template":"","meta":{"_et_pb_use_builder":"on","_et_pb_old_content":"","_et_gb_content_width":"","footnotes":""},"class_list":["post-2716","page","type-page","status-publish","hentry"],"yoast_head":"<!-- This site is optimized with the Yoast SEO plugin v27.3 - https:\/\/yoast.com\/product\/yoast-seo-wordpress\/ -->\n<title>QUIOTE N\u00daMERO 3 - REVISTA QUIOTE<\/title>\n<meta name=\"robots\" content=\"index, follow, max-snippet:-1, max-image-preview:large, max-video-preview:-1\" \/>\n<link rel=\"canonical\" href=\"https:\/\/revistaquiote.org\/?page_id=2716\" \/>\n<meta property=\"og:locale\" content=\"es_ES\" \/>\n<meta property=\"og:type\" content=\"article\" \/>\n<meta property=\"og:title\" content=\"QUIOTE N\u00daMERO 3 - REVISTA QUIOTE\" \/>\n<meta property=\"og:description\" content=\"Diciembre, 2024\u00a0 |\u00a0 lee n\u00famero 3 |\u00a0 descarga n\u00famero 3N\u00daMERO 3Siempre nos podemos sorprender de nuestro entornoC\u00e9sar Guevara Bravo Huizacht\u00e9petl, mi cerro en IztapalapaBeatriz Ram\u00edrez Gonz\u00e1lez Ixtlapalapan. El pueblo puede salvar al puebloSantiago Robles El localismo y sus limitacionesH\u00e9ctor Rafael Rodr\u00edguez de la Vega Cu\u00e9llar CALAVERAS &amp; DIABLITOS | Poes\u00eda en subdesarrollo [o Al este [&hellip;]\" \/>\n<meta property=\"og:url\" content=\"https:\/\/revistaquiote.org\/?page_id=2716\" \/>\n<meta property=\"og:site_name\" content=\"REVISTA QUIOTE\" \/>\n<meta property=\"article:publisher\" content=\"https:\/\/www.facebook.com\/profile.php?id=61581285934903&amp;rdid=NyTBdLDXXt5DTPla&amp;share_url=httpswww.facebook.comshare16XQGGa34v#\" \/>\n<meta property=\"article:modified_time\" content=\"2025-05-15T19:41:30+00:00\" \/>\n<meta name=\"twitter:card\" content=\"summary_large_image\" \/>\n<meta name=\"twitter:site\" content=\"@RQuiote\" \/>\n<meta name=\"twitter:label1\" content=\"Tiempo de lectura\" \/>\n\t<meta name=\"twitter:data1\" content=\"2 minutos\" \/>\n<script type=\"application\/ld+json\" class=\"yoast-schema-graph\">{\"@context\":\"https:\\\/\\\/schema.org\",\"@graph\":[{\"@type\":\"WebPage\",\"@id\":\"https:\\\/\\\/revistaquiote.org\\\/?page_id=2716\",\"url\":\"https:\\\/\\\/revistaquiote.org\\\/?page_id=2716\",\"name\":\"QUIOTE N\u00daMERO 3 - REVISTA QUIOTE\",\"isPartOf\":{\"@id\":\"https:\\\/\\\/revistaquiote.org\\\/#website\"},\"datePublished\":\"2025-05-15T18:13:47+00:00\",\"dateModified\":\"2025-05-15T19:41:30+00:00\",\"breadcrumb\":{\"@id\":\"https:\\\/\\\/revistaquiote.org\\\/?page_id=2716#breadcrumb\"},\"inLanguage\":\"es\",\"potentialAction\":[{\"@type\":\"ReadAction\",\"target\":[\"https:\\\/\\\/revistaquiote.org\\\/?page_id=2716\"]}]},{\"@type\":\"BreadcrumbList\",\"@id\":\"https:\\\/\\\/revistaquiote.org\\\/?page_id=2716#breadcrumb\",\"itemListElement\":[{\"@type\":\"ListItem\",\"position\":1,\"name\":\"Portada\",\"item\":\"https:\\\/\\\/revistaquiote.org\\\/\"},{\"@type\":\"ListItem\",\"position\":2,\"name\":\"QUIOTE N\u00daMERO 3\"}]},{\"@type\":\"WebSite\",\"@id\":\"https:\\\/\\\/revistaquiote.org\\\/#website\",\"url\":\"https:\\\/\\\/revistaquiote.org\\\/\",\"name\":\"REVISTA QUIOTE\",\"description\":\"N\u00daMERO SEIS\",\"publisher\":{\"@id\":\"https:\\\/\\\/revistaquiote.org\\\/#organization\"},\"potentialAction\":[{\"@type\":\"SearchAction\",\"target\":{\"@type\":\"EntryPoint\",\"urlTemplate\":\"https:\\\/\\\/revistaquiote.org\\\/?s={search_term_string}\"},\"query-input\":{\"@type\":\"PropertyValueSpecification\",\"valueRequired\":true,\"valueName\":\"search_term_string\"}}],\"inLanguage\":\"es\"},{\"@type\":\"Organization\",\"@id\":\"https:\\\/\\\/revistaquiote.org\\\/#organization\",\"name\":\"REVISTA QUIOTE\",\"url\":\"https:\\\/\\\/revistaquiote.org\\\/\",\"logo\":{\"@type\":\"ImageObject\",\"inLanguage\":\"es\",\"@id\":\"https:\\\/\\\/revistaquiote.org\\\/#\\\/schema\\\/logo\\\/image\\\/\",\"url\":\"https:\\\/\\\/revistaquiote.org\\\/wp-content\\\/uploads\\\/2023\\\/06\\\/Quiote-logo_01.png\",\"contentUrl\":\"https:\\\/\\\/revistaquiote.org\\\/wp-content\\\/uploads\\\/2023\\\/06\\\/Quiote-logo_01.png\",\"width\":1042,\"height\":417,\"caption\":\"REVISTA QUIOTE\"},\"image\":{\"@id\":\"https:\\\/\\\/revistaquiote.org\\\/#\\\/schema\\\/logo\\\/image\\\/\"},\"sameAs\":[\"https:\\\/\\\/www.facebook.com\\\/profile.php?id=61581285934903&rdid=NyTBdLDXXt5DTPla&share_url=httpswww.facebook.comshare16XQGGa34v#\",\"https:\\\/\\\/x.com\\\/RQuiote\",\"https:\\\/\\\/www.instagram.com\\\/revista.quiote\\\/\"]}]}<\/script>\n<!-- \/ Yoast SEO plugin. -->","yoast_head_json":{"title":"QUIOTE N\u00daMERO 3 - REVISTA QUIOTE","robots":{"index":"index","follow":"follow","max-snippet":"max-snippet:-1","max-image-preview":"max-image-preview:large","max-video-preview":"max-video-preview:-1"},"canonical":"https:\/\/revistaquiote.org\/?page_id=2716","og_locale":"es_ES","og_type":"article","og_title":"QUIOTE N\u00daMERO 3 - REVISTA QUIOTE","og_description":"Diciembre, 2024\u00a0 |\u00a0 lee n\u00famero 3 |\u00a0 descarga n\u00famero 3N\u00daMERO 3Siempre nos podemos sorprender de nuestro entornoC\u00e9sar Guevara Bravo Huizacht\u00e9petl, mi cerro en IztapalapaBeatriz Ram\u00edrez Gonz\u00e1lez Ixtlapalapan. El pueblo puede salvar al puebloSantiago Robles El localismo y sus limitacionesH\u00e9ctor Rafael Rodr\u00edguez de la Vega Cu\u00e9llar CALAVERAS &amp; DIABLITOS | Poes\u00eda en subdesarrollo [o Al este [&hellip;]","og_url":"https:\/\/revistaquiote.org\/?page_id=2716","og_site_name":"REVISTA QUIOTE","article_publisher":"https:\/\/www.facebook.com\/profile.php?id=61581285934903&rdid=NyTBdLDXXt5DTPla&share_url=httpswww.facebook.comshare16XQGGa34v#","article_modified_time":"2025-05-15T19:41:30+00:00","twitter_card":"summary_large_image","twitter_site":"@RQuiote","twitter_misc":{"Tiempo de lectura":"2 minutos"},"schema":{"@context":"https:\/\/schema.org","@graph":[{"@type":"WebPage","@id":"https:\/\/revistaquiote.org\/?page_id=2716","url":"https:\/\/revistaquiote.org\/?page_id=2716","name":"QUIOTE N\u00daMERO 3 - REVISTA QUIOTE","isPartOf":{"@id":"https:\/\/revistaquiote.org\/#website"},"datePublished":"2025-05-15T18:13:47+00:00","dateModified":"2025-05-15T19:41:30+00:00","breadcrumb":{"@id":"https:\/\/revistaquiote.org\/?page_id=2716#breadcrumb"},"inLanguage":"es","potentialAction":[{"@type":"ReadAction","target":["https:\/\/revistaquiote.org\/?page_id=2716"]}]},{"@type":"BreadcrumbList","@id":"https:\/\/revistaquiote.org\/?page_id=2716#breadcrumb","itemListElement":[{"@type":"ListItem","position":1,"name":"Portada","item":"https:\/\/revistaquiote.org\/"},{"@type":"ListItem","position":2,"name":"QUIOTE N\u00daMERO 3"}]},{"@type":"WebSite","@id":"https:\/\/revistaquiote.org\/#website","url":"https:\/\/revistaquiote.org\/","name":"REVISTA QUIOTE","description":"N\u00daMERO SEIS","publisher":{"@id":"https:\/\/revistaquiote.org\/#organization"},"potentialAction":[{"@type":"SearchAction","target":{"@type":"EntryPoint","urlTemplate":"https:\/\/revistaquiote.org\/?s={search_term_string}"},"query-input":{"@type":"PropertyValueSpecification","valueRequired":true,"valueName":"search_term_string"}}],"inLanguage":"es"},{"@type":"Organization","@id":"https:\/\/revistaquiote.org\/#organization","name":"REVISTA QUIOTE","url":"https:\/\/revistaquiote.org\/","logo":{"@type":"ImageObject","inLanguage":"es","@id":"https:\/\/revistaquiote.org\/#\/schema\/logo\/image\/","url":"https:\/\/revistaquiote.org\/wp-content\/uploads\/2023\/06\/Quiote-logo_01.png","contentUrl":"https:\/\/revistaquiote.org\/wp-content\/uploads\/2023\/06\/Quiote-logo_01.png","width":1042,"height":417,"caption":"REVISTA QUIOTE"},"image":{"@id":"https:\/\/revistaquiote.org\/#\/schema\/logo\/image\/"},"sameAs":["https:\/\/www.facebook.com\/profile.php?id=61581285934903&rdid=NyTBdLDXXt5DTPla&share_url=httpswww.facebook.comshare16XQGGa34v#","https:\/\/x.com\/RQuiote","https:\/\/www.instagram.com\/revista.quiote\/"]}]}},"jetpack_sharing_enabled":true,"_links":{"self":[{"href":"https:\/\/revistaquiote.org\/index.php?rest_route=\/wp\/v2\/pages\/2716","targetHints":{"allow":["GET"]}}],"collection":[{"href":"https:\/\/revistaquiote.org\/index.php?rest_route=\/wp\/v2\/pages"}],"about":[{"href":"https:\/\/revistaquiote.org\/index.php?rest_route=\/wp\/v2\/types\/page"}],"author":[{"embeddable":true,"href":"https:\/\/revistaquiote.org\/index.php?rest_route=\/wp\/v2\/users\/1"}],"replies":[{"embeddable":true,"href":"https:\/\/revistaquiote.org\/index.php?rest_route=%2Fwp%2Fv2%2Fcomments&post=2716"}],"version-history":[{"count":4,"href":"https:\/\/revistaquiote.org\/index.php?rest_route=\/wp\/v2\/pages\/2716\/revisions"}],"predecessor-version":[{"id":2723,"href":"https:\/\/revistaquiote.org\/index.php?rest_route=\/wp\/v2\/pages\/2716\/revisions\/2723"}],"wp:attachment":[{"href":"https:\/\/revistaquiote.org\/index.php?rest_route=%2Fwp%2Fv2%2Fmedia&parent=2716"}],"curies":[{"name":"wp","href":"https:\/\/api.w.org\/{rel}","templated":true}]}}