{"id":2729,"date":"2025-05-15T20:15:49","date_gmt":"2025-05-15T20:15:49","guid":{"rendered":"https:\/\/revistaquiote.org\/?page_id=2729"},"modified":"2025-05-15T20:15:49","modified_gmt":"2025-05-15T20:15:49","slug":"quiote-numero-4","status":"publish","type":"page","link":"https:\/\/revistaquiote.org\/?page_id=2729","title":{"rendered":"QUIOTE N\u00daMERO 4"},"content":{"rendered":"<p>[et_pb_section fb_built=\u00bb1&#8243; _builder_version=\u00bb4.25.2&#8243; _module_preset=\u00bbdefault\u00bb background_color=\u00bb#f9f9f9&#8243; custom_padding=\u00bb||1px|||\u00bb global_colors_info=\u00bb{}\u00bb theme_builder_area=\u00bbpost_content\u00bb][et_pb_row column_structure=\u00bb1_2,1_2&#8243; _builder_version=\u00bb4.27.0&#8243; _module_preset=\u00bbdefault\u00bb global_colors_info=\u00bb{}\u00bb theme_builder_area=\u00bbpost_content\u00bb][et_pb_column type=\u00bb1_2&#8243; _builder_version=\u00bb4.25.2&#8243; _module_preset=\u00bbdefault\u00bb global_colors_info=\u00bb{}\u00bb theme_builder_area=\u00bbpost_content\u00bb][et_pb_blurb title=\u00bbN\u00daMERO CUATRO\u00bb url=\u00bbhttps:\/\/revistaquiote.org\/?page_id=2252&#8243; image=\u00bbhttps:\/\/revistaquiote.org\/wp-content\/uploads\/2025\/04\/quiote_n04-scaled.png\u00bb _builder_version=\u00bb4.27.4&#8243; _module_preset=\u00bbdefault\u00bb header_font=\u00bb|600|||||||\u00bb body_text_color=\u00bb#242424&#8243; body_font_size=\u00bb13px\u00bb hover_enabled=\u00bb0&#8243; global_colors_info=\u00bb{}\u00bb theme_builder_area=\u00bbpost_content\u00bb title_text=\u00bbquiote_n04&#8243; sticky_enabled=\u00bb0&#8243;]<\/p>\n<p>Abril, 2025\u00a0 |\u00a0 <a href=\"https:\/\/revistaquiote.org\/?page_id=2252\"><strong>lee n\u00famero 4<\/strong>\u00a0<\/a>|\u00a0 <strong><a href=\"https:\/\/revistaquiote.org\/wp-content\/uploads\/2025\/04\/QUIOTE-CUATRO-4.pdf\" target=\"_blank\" rel=\"noopener\">descarga n\u00famero 4<\/a><\/strong><\/p>\n<p>[\/et_pb_blurb][\/et_pb_column][et_pb_column type=\u00bb1_2&#8243; _builder_version=\u00bb4.25.2&#8243; _module_preset=\u00bbdefault\u00bb global_colors_info=\u00bb{}\u00bb theme_builder_area=\u00bbpost_content\u00bb][et_pb_text _builder_version=\u00bb4.27.4&#8243; _module_preset=\u00bbdefault\u00bb text_font=\u00bb|800|||||||\u00bb text_text_color=\u00bb#000000&#8243; text_font_size=\u00bb17px\u00bb text_orientation=\u00bbright\u00bb custom_padding=\u00bb30px|||||\u00bb hover_enabled=\u00bb0&#8243; global_colors_info=\u00bb{}\u00bb theme_builder_area=\u00bbpost_content\u00bb sticky_enabled=\u00bb0&#8243;]<\/p>\n<p style=\"text-align: left;\">N\u00daMERO 4<\/p>\n<p>[\/et_pb_text][et_pb_text _builder_version=\u00bb4.27.4&#8243; _module_preset=\u00bbdefault\u00bb text_font_size=\u00bb11px\u00bb text_line_height=\u00bb1.6em\u00bb animation_style=\u00bbbounce\u00bb animation_direction=\u00bbright\u00bb hover_enabled=\u00bb0&#8243; global_colors_info=\u00bb{}\u00bb theme_builder_area=\u00bbpost_content\u00bb sticky_enabled=\u00bb0&#8243;]<\/p>\n<p><strong>Apuntes preliminares para una deslatinizaci\u00f3n de la cultura: caso M\u00e9xico<\/strong><br \/>\u00c1ngel Ballesteros Avi\u00f1a<\/p>\n<p><strong>Mientras tanto en M\u00e9xico<\/strong><br \/>Monero Rap\u00e9<\/p>\n<p><strong>Los lugares sagrados: derecho cultural de los pueblos ind\u00edgenas y afromexicanos<\/strong><br \/>Pavel Navarro Valdez<\/p>\n<p><strong>El discurso de los museos nacionales: \u00bfla identidad se impone o se construye?<\/strong><br \/>Mario Stalin Rodr\u00edguez<\/p>\n<p><strong>La ceiba gr\u00e1fica<\/strong><br \/>Jonathan Farr<\/p>\n<p><strong>CALAVERAS &amp; DIABLITOS | Un sol negro. Una abstracci\u00f3n a Fernando de Szyszlo<\/strong><br \/>Miguel Torres<\/p>\n<p><strong>Arte en conflicto. Parte 2<\/strong><br \/>Tony Pliego<\/p>\n<p><strong>Las cubiertas de palma de los tianguis del An\u00e1huac o la imagen como sitio desplazado para lo arquitect\u00f3nico<\/strong><br \/>Joaqu\u00edn D\u00edez-Canedo Novelo<\/p>\n<p><strong>Soberan\u00eda alimentaria en la monta\u00f1a del estado de Guerrero<\/strong><br \/>\u00c1lvaro Caudillo Pi\u00f1a<\/p>\n<p><strong>#SHOWBLITZKRIEG | \u00a1Heil simpel! Microfascismo apocal\u00edptico y sus imitadores<\/strong><br \/>C\u00e9sar Cort\u00e9s Vega<\/p>\n<p><strong>Pilares. Seis a\u00f1os de transformaci\u00f3n<\/strong><br \/>Adriana Cano<\/p>\n<p><strong>LaS claseS bajaS<\/strong><br \/>H\u00e9ctor R. de la Vega Cu\u00e9llar<\/p>\n<p>[\/et_pb_text][\/et_pb_column][\/et_pb_row][et_pb_row _builder_version=\u00bb4.27.4&#8243; _module_preset=\u00bbdefault\u00bb global_colors_info=\u00bb{}\u00bb theme_builder_area=\u00bbpost_content\u00bb][et_pb_column type=\u00bb4_4&#8243; _builder_version=\u00bb4.27.4&#8243; _module_preset=\u00bbdefault\u00bb global_colors_info=\u00bb{}\u00bb theme_builder_area=\u00bbpost_content\u00bb][et_pb_blog fullwidth=\u00bboff\u00bb include_categories=\u00bb226&#8243; show_date=\u00bboff\u00bb show_categories=\u00bboff\u00bb show_pagination=\u00bboff\u00bb _builder_version=\u00bb4.27.4&#8243; _module_preset=\u00bbdefault\u00bb header_level=\u00bbh5&#8243; body_font_size=\u00bb11px\u00bb body_line_height=\u00bb1.6em\u00bb meta_font_size=\u00bb12px\u00bb hover_enabled=\u00bb0&#8243; global_colors_info=\u00bb{}\u00bb theme_builder_area=\u00bbpost_content\u00bb sticky_enabled=\u00bb0&#8243;][\/et_pb_blog][\/et_pb_column][\/et_pb_row][\/et_pb_section]<\/p>\n","protected":false},"excerpt":{"rendered":"<p>Abril, 2025\u00a0 |\u00a0 lee n\u00famero 4\u00a0|\u00a0 descarga n\u00famero 4N\u00daMERO 4Apuntes preliminares para una deslatinizaci\u00f3n de la cultura: caso M\u00e9xico\u00c1ngel Ballesteros Avi\u00f1a Mientras tanto en M\u00e9xicoMonero Rap\u00e9 Los lugares sagrados: derecho cultural de los pueblos ind\u00edgenas y afromexicanosPavel Navarro Valdez El discurso de los museos nacionales: \u00bfla identidad se impone o se construye?Mario Stalin Rodr\u00edguez La [&hellip;]<\/p>\n","protected":false},"author":1,"featured_media":0,"parent":0,"menu_order":0,"comment_status":"closed","ping_status":"closed","template":"","meta":{"_et_pb_use_builder":"on","_et_pb_old_content":"","_et_gb_content_width":"","footnotes":""},"class_list":["post-2729","page","type-page","status-publish","hentry"],"yoast_head":"<!-- This site is optimized with the Yoast SEO plugin v27.3 - https:\/\/yoast.com\/product\/yoast-seo-wordpress\/ -->\n<title>QUIOTE N\u00daMERO 4 - REVISTA QUIOTE<\/title>\n<meta name=\"robots\" content=\"index, follow, max-snippet:-1, max-image-preview:large, max-video-preview:-1\" \/>\n<link rel=\"canonical\" href=\"https:\/\/revistaquiote.org\/?page_id=2729\" \/>\n<meta property=\"og:locale\" content=\"es_ES\" \/>\n<meta property=\"og:type\" content=\"article\" \/>\n<meta property=\"og:title\" content=\"QUIOTE N\u00daMERO 4 - REVISTA QUIOTE\" \/>\n<meta property=\"og:description\" content=\"Abril, 2025\u00a0 |\u00a0 lee n\u00famero 4\u00a0|\u00a0 descarga n\u00famero 4N\u00daMERO 4Apuntes preliminares para una deslatinizaci\u00f3n de la cultura: caso M\u00e9xico\u00c1ngel Ballesteros Avi\u00f1a Mientras tanto en M\u00e9xicoMonero Rap\u00e9 Los lugares sagrados: derecho cultural de los pueblos ind\u00edgenas y afromexicanosPavel Navarro Valdez El discurso de los museos nacionales: \u00bfla identidad se impone o se construye?Mario Stalin Rodr\u00edguez La [&hellip;]\" \/>\n<meta property=\"og:url\" content=\"https:\/\/revistaquiote.org\/?page_id=2729\" \/>\n<meta property=\"og:site_name\" content=\"REVISTA QUIOTE\" \/>\n<meta property=\"article:publisher\" content=\"https:\/\/www.facebook.com\/profile.php?id=61581285934903&amp;rdid=NyTBdLDXXt5DTPla&amp;share_url=httpswww.facebook.comshare16XQGGa34v#\" \/>\n<meta name=\"twitter:card\" content=\"summary_large_image\" \/>\n<meta name=\"twitter:site\" content=\"@RQuiote\" \/>\n<meta name=\"twitter:label1\" content=\"Tiempo de lectura\" \/>\n\t<meta name=\"twitter:data1\" content=\"2 minutos\" \/>\n<script type=\"application\/ld+json\" class=\"yoast-schema-graph\">{\"@context\":\"https:\\\/\\\/schema.org\",\"@graph\":[{\"@type\":\"WebPage\",\"@id\":\"https:\\\/\\\/revistaquiote.org\\\/?page_id=2729\",\"url\":\"https:\\\/\\\/revistaquiote.org\\\/?page_id=2729\",\"name\":\"QUIOTE N\u00daMERO 4 - REVISTA QUIOTE\",\"isPartOf\":{\"@id\":\"https:\\\/\\\/revistaquiote.org\\\/#website\"},\"datePublished\":\"2025-05-15T20:15:49+00:00\",\"breadcrumb\":{\"@id\":\"https:\\\/\\\/revistaquiote.org\\\/?page_id=2729#breadcrumb\"},\"inLanguage\":\"es\",\"potentialAction\":[{\"@type\":\"ReadAction\",\"target\":[\"https:\\\/\\\/revistaquiote.org\\\/?page_id=2729\"]}]},{\"@type\":\"BreadcrumbList\",\"@id\":\"https:\\\/\\\/revistaquiote.org\\\/?page_id=2729#breadcrumb\",\"itemListElement\":[{\"@type\":\"ListItem\",\"position\":1,\"name\":\"Portada\",\"item\":\"https:\\\/\\\/revistaquiote.org\\\/\"},{\"@type\":\"ListItem\",\"position\":2,\"name\":\"QUIOTE N\u00daMERO 4\"}]},{\"@type\":\"WebSite\",\"@id\":\"https:\\\/\\\/revistaquiote.org\\\/#website\",\"url\":\"https:\\\/\\\/revistaquiote.org\\\/\",\"name\":\"REVISTA QUIOTE\",\"description\":\"N\u00daMERO SEIS\",\"publisher\":{\"@id\":\"https:\\\/\\\/revistaquiote.org\\\/#organization\"},\"potentialAction\":[{\"@type\":\"SearchAction\",\"target\":{\"@type\":\"EntryPoint\",\"urlTemplate\":\"https:\\\/\\\/revistaquiote.org\\\/?s={search_term_string}\"},\"query-input\":{\"@type\":\"PropertyValueSpecification\",\"valueRequired\":true,\"valueName\":\"search_term_string\"}}],\"inLanguage\":\"es\"},{\"@type\":\"Organization\",\"@id\":\"https:\\\/\\\/revistaquiote.org\\\/#organization\",\"name\":\"REVISTA QUIOTE\",\"url\":\"https:\\\/\\\/revistaquiote.org\\\/\",\"logo\":{\"@type\":\"ImageObject\",\"inLanguage\":\"es\",\"@id\":\"https:\\\/\\\/revistaquiote.org\\\/#\\\/schema\\\/logo\\\/image\\\/\",\"url\":\"https:\\\/\\\/revistaquiote.org\\\/wp-content\\\/uploads\\\/2023\\\/06\\\/Quiote-logo_01.png\",\"contentUrl\":\"https:\\\/\\\/revistaquiote.org\\\/wp-content\\\/uploads\\\/2023\\\/06\\\/Quiote-logo_01.png\",\"width\":1042,\"height\":417,\"caption\":\"REVISTA QUIOTE\"},\"image\":{\"@id\":\"https:\\\/\\\/revistaquiote.org\\\/#\\\/schema\\\/logo\\\/image\\\/\"},\"sameAs\":[\"https:\\\/\\\/www.facebook.com\\\/profile.php?id=61581285934903&rdid=NyTBdLDXXt5DTPla&share_url=httpswww.facebook.comshare16XQGGa34v#\",\"https:\\\/\\\/x.com\\\/RQuiote\",\"https:\\\/\\\/www.instagram.com\\\/revista.quiote\\\/\"]}]}<\/script>\n<!-- \/ Yoast SEO plugin. -->","yoast_head_json":{"title":"QUIOTE N\u00daMERO 4 - REVISTA QUIOTE","robots":{"index":"index","follow":"follow","max-snippet":"max-snippet:-1","max-image-preview":"max-image-preview:large","max-video-preview":"max-video-preview:-1"},"canonical":"https:\/\/revistaquiote.org\/?page_id=2729","og_locale":"es_ES","og_type":"article","og_title":"QUIOTE N\u00daMERO 4 - REVISTA QUIOTE","og_description":"Abril, 2025\u00a0 |\u00a0 lee n\u00famero 4\u00a0|\u00a0 descarga n\u00famero 4N\u00daMERO 4Apuntes preliminares para una deslatinizaci\u00f3n de la cultura: caso M\u00e9xico\u00c1ngel Ballesteros Avi\u00f1a Mientras tanto en M\u00e9xicoMonero Rap\u00e9 Los lugares sagrados: derecho cultural de los pueblos ind\u00edgenas y afromexicanosPavel Navarro Valdez El discurso de los museos nacionales: \u00bfla identidad se impone o se construye?Mario Stalin Rodr\u00edguez La [&hellip;]","og_url":"https:\/\/revistaquiote.org\/?page_id=2729","og_site_name":"REVISTA QUIOTE","article_publisher":"https:\/\/www.facebook.com\/profile.php?id=61581285934903&rdid=NyTBdLDXXt5DTPla&share_url=httpswww.facebook.comshare16XQGGa34v#","twitter_card":"summary_large_image","twitter_site":"@RQuiote","twitter_misc":{"Tiempo de lectura":"2 minutos"},"schema":{"@context":"https:\/\/schema.org","@graph":[{"@type":"WebPage","@id":"https:\/\/revistaquiote.org\/?page_id=2729","url":"https:\/\/revistaquiote.org\/?page_id=2729","name":"QUIOTE N\u00daMERO 4 - REVISTA QUIOTE","isPartOf":{"@id":"https:\/\/revistaquiote.org\/#website"},"datePublished":"2025-05-15T20:15:49+00:00","breadcrumb":{"@id":"https:\/\/revistaquiote.org\/?page_id=2729#breadcrumb"},"inLanguage":"es","potentialAction":[{"@type":"ReadAction","target":["https:\/\/revistaquiote.org\/?page_id=2729"]}]},{"@type":"BreadcrumbList","@id":"https:\/\/revistaquiote.org\/?page_id=2729#breadcrumb","itemListElement":[{"@type":"ListItem","position":1,"name":"Portada","item":"https:\/\/revistaquiote.org\/"},{"@type":"ListItem","position":2,"name":"QUIOTE N\u00daMERO 4"}]},{"@type":"WebSite","@id":"https:\/\/revistaquiote.org\/#website","url":"https:\/\/revistaquiote.org\/","name":"REVISTA QUIOTE","description":"N\u00daMERO SEIS","publisher":{"@id":"https:\/\/revistaquiote.org\/#organization"},"potentialAction":[{"@type":"SearchAction","target":{"@type":"EntryPoint","urlTemplate":"https:\/\/revistaquiote.org\/?s={search_term_string}"},"query-input":{"@type":"PropertyValueSpecification","valueRequired":true,"valueName":"search_term_string"}}],"inLanguage":"es"},{"@type":"Organization","@id":"https:\/\/revistaquiote.org\/#organization","name":"REVISTA QUIOTE","url":"https:\/\/revistaquiote.org\/","logo":{"@type":"ImageObject","inLanguage":"es","@id":"https:\/\/revistaquiote.org\/#\/schema\/logo\/image\/","url":"https:\/\/revistaquiote.org\/wp-content\/uploads\/2023\/06\/Quiote-logo_01.png","contentUrl":"https:\/\/revistaquiote.org\/wp-content\/uploads\/2023\/06\/Quiote-logo_01.png","width":1042,"height":417,"caption":"REVISTA QUIOTE"},"image":{"@id":"https:\/\/revistaquiote.org\/#\/schema\/logo\/image\/"},"sameAs":["https:\/\/www.facebook.com\/profile.php?id=61581285934903&rdid=NyTBdLDXXt5DTPla&share_url=httpswww.facebook.comshare16XQGGa34v#","https:\/\/x.com\/RQuiote","https:\/\/www.instagram.com\/revista.quiote\/"]}]}},"jetpack_sharing_enabled":true,"_links":{"self":[{"href":"https:\/\/revistaquiote.org\/index.php?rest_route=\/wp\/v2\/pages\/2729","targetHints":{"allow":["GET"]}}],"collection":[{"href":"https:\/\/revistaquiote.org\/index.php?rest_route=\/wp\/v2\/pages"}],"about":[{"href":"https:\/\/revistaquiote.org\/index.php?rest_route=\/wp\/v2\/types\/page"}],"author":[{"embeddable":true,"href":"https:\/\/revistaquiote.org\/index.php?rest_route=\/wp\/v2\/users\/1"}],"replies":[{"embeddable":true,"href":"https:\/\/revistaquiote.org\/index.php?rest_route=%2Fwp%2Fv2%2Fcomments&post=2729"}],"version-history":[{"count":3,"href":"https:\/\/revistaquiote.org\/index.php?rest_route=\/wp\/v2\/pages\/2729\/revisions"}],"predecessor-version":[{"id":2734,"href":"https:\/\/revistaquiote.org\/index.php?rest_route=\/wp\/v2\/pages\/2729\/revisions\/2734"}],"wp:attachment":[{"href":"https:\/\/revistaquiote.org\/index.php?rest_route=%2Fwp%2Fv2%2Fmedia&parent=2729"}],"curies":[{"name":"wp","href":"https:\/\/api.w.org\/{rel}","templated":true}]}}