{"id":3494,"date":"2026-03-21T17:47:14","date_gmt":"2026-03-21T17:47:14","guid":{"rendered":"https:\/\/revistaquiote.org\/?page_id=3494"},"modified":"2026-03-25T04:08:07","modified_gmt":"2026-03-25T04:08:07","slug":"convocatoria","status":"publish","type":"page","link":"https:\/\/revistaquiote.org\/?page_id=3494","title":{"rendered":"CONVOCATORIA"},"content":{"rendered":"<p>[et_pb_section fb_built=\u00bb1&#8243; _builder_version=\u00bb4.27.6&#8243; _module_preset=\u00bbdefault\u00bb background_color=\u00bb#efea8b\u00bb global_colors_info=\u00bb{}\u00bb][et_pb_row column_structure=\u00bb1_2,1_2&#8243; _builder_version=\u00bb4.27.6&#8243; _module_preset=\u00bbdefault\u00bb custom_margin=\u00bb0px||||false|false\u00bb global_colors_info=\u00bb{}\u00bb][et_pb_column type=\u00bb1_2&#8243; _builder_version=\u00bb4.27.6&#8243; _module_preset=\u00bbdefault\u00bb global_colors_info=\u00bb{}\u00bb][et_pb_text _builder_version=\u00bb4.27.6&#8243; _module_preset=\u00bbdefault\u00bb text_font=\u00bb|300|||||||\u00bb text_text_color=\u00bb#c7384a\u00bb text_font_size=\u00bb25px\u00bb animation_style=\u00bbbounce\u00bb animation_direction=\u00bbleft\u00bb hover_enabled=\u00bb0&#8243; global_colors_info=\u00bb{}\u00bb text_line_height=\u00bb1em\u00bb sticky_enabled=\u00bb0&#8243;]<\/p>\n<p><b>Convocatoria<\/b><\/p>\n<p>para creaci\u00f3n de im\u00e1genes<\/p>\n<p>[\/et_pb_text][et_pb_text _builder_version=\u00bb4.27.6&#8243; _module_preset=\u00bbdefault\u00bb text_text_color=\u00bb#000000&#8243; text_font_size=\u00bb14px\u00bb animation_style=\u00bbbounce\u00bb animation_direction=\u00bbbottom\u00bb hover_enabled=\u00bb0&#8243; global_colors_info=\u00bb{}\u00bb sticky_enabled=\u00bb0&#8243;]<\/p>\n<p><span style=\"font-weight: 400;\"><strong>El f\u00fatbol no es solo un deporte:<\/strong> es un negocio global disfrazado de pasi\u00f3n colectiva, donde las marcas ganan, los pa\u00edses se endeudan y las masas celebran. Pero tambi\u00e9n es el potrero sin due\u00f1o, el partido en el barrio que no necesita transmisi\u00f3n ni patrocinador, el gol que se grita en la calle antes de que alguien lo convierta en contenido. En <strong>Revista Quiote<\/strong> convocamos al env\u00edo de im\u00e1genes que vivan en esa tensi\u00f3n: entre el espect\u00e1culo administrado y el juego que todav\u00eda escapa, entre la cultura popular cooptada y la que resiste en los m\u00e1rgenes. Nos interesa el consumo y el clasismo en las gradas, pero tambi\u00e9n la cancha de tierra y la playera sin marca. El nacionalismo de ocasi\u00f3n y la identidad barrial que no espera un mundial para existir. El andamiaje de la religi\u00f3n perfectamente gestionada y la herej\u00eda cotidiana que la desobedece.\u00a0<\/span><\/p>\n<p>Aceptamos<strong> fotograf\u00eda, ilustraci\u00f3n, gr\u00e1fica y t\u00e9cnica digital, <\/strong>en color o blanco y negro.<\/p>\n<p><span style=\"color: #c7384a;\"><strong>Especificaciones t\u00e9cnicas:<\/strong><\/span><\/p>\n<ul>\n<li><span style=\"font-weight: 400;\">Buena resoluci\u00f3n, 150 ppp como m\u00ednimo<\/span><\/li>\n<li><span style=\"font-weight: 400;\">Un tama\u00f1o de 22 cm de ancho como m\u00ednimo<\/span><\/li>\n<li><span style=\"font-weight: 400;\">Color RGB en formato .jpg .png o .tif<\/span><\/li>\n<\/ul>\n<p><span style=\"color: #c7384a;\"><strong>El env\u00edo deber\u00e1 incluir:<\/strong><\/span><\/p>\n<ul>\n<li style=\"font-weight: 400;\" aria-level=\"1\"><span style=\"font-weight: 400;\">Las im\u00e1genes en los formatos indicados.<\/span><\/li>\n<li style=\"font-weight: 400;\" aria-level=\"1\"><span style=\"font-weight: 400;\">Un archivo de texto con el t\u00edtulo de cada obra, debidamente clasificada, junto a sus datos: t\u00e9cnica, resoluci\u00f3n y a\u00f1o de realizaci\u00f3n.<\/span><\/li>\n<li style=\"font-weight: 400;\" aria-level=\"1\"><span style=\"font-weight: 400;\">Una breve ficha del autor o autora (no m\u00e1s de tres l\u00edneas).<\/span><\/li>\n<\/ul>\n<p><span style=\"color: #c7384a;\">Fecha l\u00edmite de env\u00edo:<strong> 25 de abril | <\/strong><span style=\"font-size: 15px;\">Env\u00edos:<\/span><strong><span style=\"font-size: 15px;\"> hola@revistaquiote.org<\/span><\/strong><\/span><\/p>\n<p>[\/et_pb_text][\/et_pb_column][et_pb_column type=\u00bb1_2&#8243; _builder_version=\u00bb4.27.6&#8243; _module_preset=\u00bbdefault\u00bb global_colors_info=\u00bb{}\u00bb][et_pb_image src=\u00bbhttps:\/\/revistaquiote.org\/wp-content\/uploads\/2026\/03\/Quiote_convocatoria_01-scaled.jpg\u00bb title_text=\u00bbQuiote_convocatoria_01&#8243; _builder_version=\u00bb4.27.6&#8243; _module_preset=\u00bbdefault\u00bb animation_style=\u00bbbounce\u00bb hover_enabled=\u00bb0&#8243; global_colors_info=\u00bb{}\u00bb sticky_enabled=\u00bb0&#8243;][\/et_pb_image][\/et_pb_column][\/et_pb_row][\/et_pb_section]<\/p>\n","protected":false},"excerpt":{"rendered":"<p>Convocatoria para creaci\u00f3n de im\u00e1genesEl f\u00fatbol no es solo un deporte: es un negocio global disfrazado de pasi\u00f3n colectiva, donde las marcas ganan, los pa\u00edses se endeudan y las masas celebran. Pero tambi\u00e9n es el potrero sin due\u00f1o, el partido en el barrio que no necesita transmisi\u00f3n ni patrocinador, el gol que se grita en [&hellip;]<\/p>\n","protected":false},"author":1,"featured_media":0,"parent":0,"menu_order":0,"comment_status":"closed","ping_status":"closed","template":"","meta":{"_et_pb_use_builder":"on","_et_pb_old_content":"","_et_gb_content_width":"","footnotes":""},"class_list":["post-3494","page","type-page","status-publish","hentry"],"yoast_head":"<!-- This site is optimized with the Yoast SEO plugin v27.3 - https:\/\/yoast.com\/product\/yoast-seo-wordpress\/ -->\n<title>CONVOCATORIA - REVISTA QUIOTE<\/title>\n<meta name=\"robots\" content=\"index, follow, max-snippet:-1, max-image-preview:large, max-video-preview:-1\" \/>\n<link rel=\"canonical\" href=\"https:\/\/revistaquiote.org\/?page_id=3494\" \/>\n<meta property=\"og:locale\" content=\"es_ES\" \/>\n<meta property=\"og:type\" content=\"article\" \/>\n<meta property=\"og:title\" content=\"CONVOCATORIA - REVISTA QUIOTE\" \/>\n<meta property=\"og:description\" content=\"Convocatoria para creaci\u00f3n de im\u00e1genesEl f\u00fatbol no es solo un deporte: es un negocio global disfrazado de pasi\u00f3n colectiva, donde las marcas ganan, los pa\u00edses se endeudan y las masas celebran. Pero tambi\u00e9n es el potrero sin due\u00f1o, el partido en el barrio que no necesita transmisi\u00f3n ni patrocinador, el gol que se grita en [&hellip;]\" \/>\n<meta property=\"og:url\" content=\"https:\/\/revistaquiote.org\/?page_id=3494\" \/>\n<meta property=\"og:site_name\" content=\"REVISTA QUIOTE\" \/>\n<meta property=\"article:publisher\" content=\"https:\/\/www.facebook.com\/profile.php?id=61581285934903&amp;rdid=NyTBdLDXXt5DTPla&amp;share_url=httpswww.facebook.comshare16XQGGa34v#\" \/>\n<meta property=\"article:modified_time\" content=\"2026-03-25T04:08:07+00:00\" \/>\n<meta name=\"twitter:card\" content=\"summary_large_image\" \/>\n<meta name=\"twitter:site\" content=\"@RQuiote\" \/>\n<script type=\"application\/ld+json\" class=\"yoast-schema-graph\">{\"@context\":\"https:\\\/\\\/schema.org\",\"@graph\":[{\"@type\":\"WebPage\",\"@id\":\"https:\\\/\\\/revistaquiote.org\\\/?page_id=3494\",\"url\":\"https:\\\/\\\/revistaquiote.org\\\/?page_id=3494\",\"name\":\"CONVOCATORIA - REVISTA QUIOTE\",\"isPartOf\":{\"@id\":\"https:\\\/\\\/revistaquiote.org\\\/#website\"},\"datePublished\":\"2026-03-21T17:47:14+00:00\",\"dateModified\":\"2026-03-25T04:08:07+00:00\",\"breadcrumb\":{\"@id\":\"https:\\\/\\\/revistaquiote.org\\\/?page_id=3494#breadcrumb\"},\"inLanguage\":\"es\",\"potentialAction\":[{\"@type\":\"ReadAction\",\"target\":[\"https:\\\/\\\/revistaquiote.org\\\/?page_id=3494\"]}]},{\"@type\":\"BreadcrumbList\",\"@id\":\"https:\\\/\\\/revistaquiote.org\\\/?page_id=3494#breadcrumb\",\"itemListElement\":[{\"@type\":\"ListItem\",\"position\":1,\"name\":\"Portada\",\"item\":\"https:\\\/\\\/revistaquiote.org\\\/\"},{\"@type\":\"ListItem\",\"position\":2,\"name\":\"CONVOCATORIA\"}]},{\"@type\":\"WebSite\",\"@id\":\"https:\\\/\\\/revistaquiote.org\\\/#website\",\"url\":\"https:\\\/\\\/revistaquiote.org\\\/\",\"name\":\"REVISTA QUIOTE\",\"description\":\"N\u00daMERO SEIS\",\"publisher\":{\"@id\":\"https:\\\/\\\/revistaquiote.org\\\/#organization\"},\"potentialAction\":[{\"@type\":\"SearchAction\",\"target\":{\"@type\":\"EntryPoint\",\"urlTemplate\":\"https:\\\/\\\/revistaquiote.org\\\/?s={search_term_string}\"},\"query-input\":{\"@type\":\"PropertyValueSpecification\",\"valueRequired\":true,\"valueName\":\"search_term_string\"}}],\"inLanguage\":\"es\"},{\"@type\":\"Organization\",\"@id\":\"https:\\\/\\\/revistaquiote.org\\\/#organization\",\"name\":\"REVISTA QUIOTE\",\"url\":\"https:\\\/\\\/revistaquiote.org\\\/\",\"logo\":{\"@type\":\"ImageObject\",\"inLanguage\":\"es\",\"@id\":\"https:\\\/\\\/revistaquiote.org\\\/#\\\/schema\\\/logo\\\/image\\\/\",\"url\":\"https:\\\/\\\/revistaquiote.org\\\/wp-content\\\/uploads\\\/2023\\\/06\\\/Quiote-logo_01.png\",\"contentUrl\":\"https:\\\/\\\/revistaquiote.org\\\/wp-content\\\/uploads\\\/2023\\\/06\\\/Quiote-logo_01.png\",\"width\":1042,\"height\":417,\"caption\":\"REVISTA QUIOTE\"},\"image\":{\"@id\":\"https:\\\/\\\/revistaquiote.org\\\/#\\\/schema\\\/logo\\\/image\\\/\"},\"sameAs\":[\"https:\\\/\\\/www.facebook.com\\\/profile.php?id=61581285934903&rdid=NyTBdLDXXt5DTPla&share_url=httpswww.facebook.comshare16XQGGa34v#\",\"https:\\\/\\\/x.com\\\/RQuiote\",\"https:\\\/\\\/www.instagram.com\\\/revista.quiote\\\/\"]}]}<\/script>\n<!-- \/ Yoast SEO plugin. -->","yoast_head_json":{"title":"CONVOCATORIA - REVISTA QUIOTE","robots":{"index":"index","follow":"follow","max-snippet":"max-snippet:-1","max-image-preview":"max-image-preview:large","max-video-preview":"max-video-preview:-1"},"canonical":"https:\/\/revistaquiote.org\/?page_id=3494","og_locale":"es_ES","og_type":"article","og_title":"CONVOCATORIA - REVISTA QUIOTE","og_description":"Convocatoria para creaci\u00f3n de im\u00e1genesEl f\u00fatbol no es solo un deporte: es un negocio global disfrazado de pasi\u00f3n colectiva, donde las marcas ganan, los pa\u00edses se endeudan y las masas celebran. Pero tambi\u00e9n es el potrero sin due\u00f1o, el partido en el barrio que no necesita transmisi\u00f3n ni patrocinador, el gol que se grita en [&hellip;]","og_url":"https:\/\/revistaquiote.org\/?page_id=3494","og_site_name":"REVISTA QUIOTE","article_publisher":"https:\/\/www.facebook.com\/profile.php?id=61581285934903&rdid=NyTBdLDXXt5DTPla&share_url=httpswww.facebook.comshare16XQGGa34v#","article_modified_time":"2026-03-25T04:08:07+00:00","twitter_card":"summary_large_image","twitter_site":"@RQuiote","schema":{"@context":"https:\/\/schema.org","@graph":[{"@type":"WebPage","@id":"https:\/\/revistaquiote.org\/?page_id=3494","url":"https:\/\/revistaquiote.org\/?page_id=3494","name":"CONVOCATORIA - REVISTA QUIOTE","isPartOf":{"@id":"https:\/\/revistaquiote.org\/#website"},"datePublished":"2026-03-21T17:47:14+00:00","dateModified":"2026-03-25T04:08:07+00:00","breadcrumb":{"@id":"https:\/\/revistaquiote.org\/?page_id=3494#breadcrumb"},"inLanguage":"es","potentialAction":[{"@type":"ReadAction","target":["https:\/\/revistaquiote.org\/?page_id=3494"]}]},{"@type":"BreadcrumbList","@id":"https:\/\/revistaquiote.org\/?page_id=3494#breadcrumb","itemListElement":[{"@type":"ListItem","position":1,"name":"Portada","item":"https:\/\/revistaquiote.org\/"},{"@type":"ListItem","position":2,"name":"CONVOCATORIA"}]},{"@type":"WebSite","@id":"https:\/\/revistaquiote.org\/#website","url":"https:\/\/revistaquiote.org\/","name":"REVISTA QUIOTE","description":"N\u00daMERO SEIS","publisher":{"@id":"https:\/\/revistaquiote.org\/#organization"},"potentialAction":[{"@type":"SearchAction","target":{"@type":"EntryPoint","urlTemplate":"https:\/\/revistaquiote.org\/?s={search_term_string}"},"query-input":{"@type":"PropertyValueSpecification","valueRequired":true,"valueName":"search_term_string"}}],"inLanguage":"es"},{"@type":"Organization","@id":"https:\/\/revistaquiote.org\/#organization","name":"REVISTA QUIOTE","url":"https:\/\/revistaquiote.org\/","logo":{"@type":"ImageObject","inLanguage":"es","@id":"https:\/\/revistaquiote.org\/#\/schema\/logo\/image\/","url":"https:\/\/revistaquiote.org\/wp-content\/uploads\/2023\/06\/Quiote-logo_01.png","contentUrl":"https:\/\/revistaquiote.org\/wp-content\/uploads\/2023\/06\/Quiote-logo_01.png","width":1042,"height":417,"caption":"REVISTA QUIOTE"},"image":{"@id":"https:\/\/revistaquiote.org\/#\/schema\/logo\/image\/"},"sameAs":["https:\/\/www.facebook.com\/profile.php?id=61581285934903&rdid=NyTBdLDXXt5DTPla&share_url=httpswww.facebook.comshare16XQGGa34v#","https:\/\/x.com\/RQuiote","https:\/\/www.instagram.com\/revista.quiote\/"]}]}},"jetpack_sharing_enabled":true,"_links":{"self":[{"href":"https:\/\/revistaquiote.org\/index.php?rest_route=\/wp\/v2\/pages\/3494","targetHints":{"allow":["GET"]}}],"collection":[{"href":"https:\/\/revistaquiote.org\/index.php?rest_route=\/wp\/v2\/pages"}],"about":[{"href":"https:\/\/revistaquiote.org\/index.php?rest_route=\/wp\/v2\/types\/page"}],"author":[{"embeddable":true,"href":"https:\/\/revistaquiote.org\/index.php?rest_route=\/wp\/v2\/users\/1"}],"replies":[{"embeddable":true,"href":"https:\/\/revistaquiote.org\/index.php?rest_route=%2Fwp%2Fv2%2Fcomments&post=3494"}],"version-history":[{"count":8,"href":"https:\/\/revistaquiote.org\/index.php?rest_route=\/wp\/v2\/pages\/3494\/revisions"}],"predecessor-version":[{"id":3518,"href":"https:\/\/revistaquiote.org\/index.php?rest_route=\/wp\/v2\/pages\/3494\/revisions\/3518"}],"wp:attachment":[{"href":"https:\/\/revistaquiote.org\/index.php?rest_route=%2Fwp%2Fv2%2Fmedia&parent=3494"}],"curies":[{"name":"wp","href":"https:\/\/api.w.org\/{rel}","templated":true}]}}